{"id":39,"date":"2022-12-15T20:04:43","date_gmt":"2022-12-15T19:04:43","guid":{"rendered":"https:\/\/pursuit.se\/?page_id=39"},"modified":"2022-12-15T20:04:43","modified_gmt":"2022-12-15T19:04:43","slug":"aterbetalning_returer","status":"publish","type":"page","link":"https:\/\/pursuit.se\/?page_id=39","title":{"rendered":"Villkor och allm\u00e4n information"},"content":{"rendered":"<p>[et_pb_section fb_built=&#8221;1&#8243; _builder_version=&#8221;4.16&#8243; global_colors_info=&#8221;{}&#8221;][et_pb_row _builder_version=&#8221;4.16&#8243; background_size=&#8221;initial&#8221; background_position=&#8221;top_left&#8221; background_repeat=&#8221;repeat&#8221; global_colors_info=&#8221;{}&#8221;][et_pb_column type=&#8221;4_4&#8243; _builder_version=&#8221;4.16&#8243; custom_padding=&#8221;|||&#8221; global_colors_info=&#8221;{}&#8221; custom_padding__hover=&#8221;|||&#8221;][et_pb_text _builder_version=&#8221;4.19.0&#8243; _module_preset=&#8221;default&#8221; hover_enabled=&#8221;0&#8243; global_colors_info=&#8221;{}&#8221; sticky_enabled=&#8221;0&#8243;]<\/p>\n<h1>Villkor och allm\u00e4n information<\/h1>\n<h2>F\u00f6retagsinformation<\/h2>\n<p>Pursuit \u2014 l\u00e4rjungatr\u00e4ning \u00e4r det \u00f6vergripande namnet f\u00f6r\u00a0<a href=\"https:\/\/www.hoglandskyrkan.se\">H\u00f6glandskyrkans<\/a> material framtaget f\u00f6r att fr\u00e4mja bibell\u00e4sning i alla \u00e5ldrar.<br \/>P\u00e5 uppdrag av Pursuit tillhandah\u00e5lls, uppdateras och hanteras inneh\u00e5llet i denna webbutik av f\u00f6ljande f\u00f6retag:<\/p>\n<p>Formidabel design<br \/><a href=\"http:\/\/www.formidabeldesign.se\">formidabeldesign.se<\/a><br \/>H\u00e4gnev\u00e4gen 26<br \/>576 33 S\u00e4vsj\u00f6<\/p>\n<p><strong>Organisationsnummer:<\/strong>\u00a0820213-2943<br \/><strong>Telefonnummer:<\/strong> 0733-468088<br \/><strong>E-postadress: <\/strong>hej@formidabeldesign.se<\/p>\n<h2>Betalning och priser<\/h2>\n<p>Alla priser \u00e4r dagsaktuella och kan komma att \u00e4ndras i framtiden. Individuellt och aktuellt totalpris f\u00f6r din best\u00e4llning summeras i kassan, inklusive eventuella avgifter f\u00f6r frakt och betalning, samt moms.<\/p>\n<p>Vi erbjuder just nu f\u00f6ljande betals\u00e4tt:<\/p>\n<ul>\n<li><strong>Betala med\u00a0kredit-\/kontokort<\/strong><br \/>Betala med kortbetalning via Stripe.<\/li>\n<li><span><strong>Faktura skickas i samband med leverans.<\/strong><br \/>Som f\u00f6rsamling\/f\u00f6retag\/organisation har du m\u00f6jlighet att betala via faktura i samband med leverans.<\/span><\/li>\n<\/ul>\n<h2>Leveranser och returer<\/h2>\n<p>Best\u00e4llningar med varor som finns i lager skickas inom tv\u00e5 arbetsdagar.\u00a0Best\u00e4llningar med varor som inte finns i lager skickas s\u00e5 snart varorna finns tillg\u00e4ngliga.\u00a0Best\u00e4llningar med b\u00e5de varor som finns i lager och varor som inte finns i lager skickas s\u00e5 snart alla varor finns tillg\u00e4nliga. \u00d6nskas delleverans tillkommer extra fraktkostnad. Meddela butiken via e-post om du vill ha delleverans.<\/p>\n<p>Vi erbjuder f\u00f6ljande leveransmetoder:<\/p>\n<ul>\n<li><strong>PostNord Skicka l\u00e4tt &#8211; sp\u00e5rbart<\/strong><br \/>F\u00f6rs\u00e4ndelsen l\u00e4mnas om m\u00f6jligt i brevl\u00e5dan annars till n\u00e4rmaste utl\u00e4mningsst\u00e4lle.<br \/>Avgiften f\u00f6r leveransen \u00e4r beroende av best\u00e4llningens vikt.<br \/>0-2 kg: 99 kronor<br \/>Vid best\u00e4llning genom organisation erbjuds fakturabetalning och frakten best\u00e4ms utifr\u00e5n aktuell vikt p\u00e5 leveransen.<span style=\"color: #ff0000;\"><\/span><\/li>\n<\/ul>\n<ul>\n<li><strong>Avh\u00e4mtning<\/strong><br \/>Avh\u00e4mtning vid lagret p\u00e5 H\u00e4gnev\u00e4gen 26, S\u00e4vsj\u00f6 \u00e4r kostnadsfritt. Tid f\u00f6r avh\u00e4mtning sker enligt \u00f6verenskommelse. Best\u00e4llning m\u00e5ste ske i webbshop innan avh\u00e4mtning.<\/li>\n<\/ul>\n<p>Villkor f\u00f6r leverans anges \u00e4ven i kassan under respektive leveranss\u00e4tt. Paketen skickas normalt inom 1-3 dagar, undantag kan ske vid s\u00e4rskilda h\u00f6gtider eller i h\u00e4ndelse av restnoterat material. Om leveransf\u00f6rsening uppst\u00e5r meddelar vi dig detta genom e-post. Du som kund har alltid r\u00e4tt att h\u00e4va k\u00f6pet vid leveransf\u00f6rseningar. Vi kommer att g\u00f6ra allt vi kan f\u00f6r att fullf\u00f6lja din best\u00e4llning. Det kan finnas tillf\u00e4llen som g\u00f6r det om\u00f6jligt att fullf\u00f6lja best\u00e4llningen, exempelvis d\u00e5 v\u00e5r leverant\u00f6r eller spedit\u00f6r inte kan fullf\u00f6lja deras \u00e5tagande till oss. Vi f\u00f6rbeh\u00e5ller oss r\u00e4tten att friskriva oss fr\u00e5n all ers\u00e4ttning till kund g\u00e4llande leveransf\u00f6rseningar.<\/p>\n<h2>Returer och reklamation<\/h2>\n<p>Returer sker p\u00e5 din egen bekostnad utom om artikeln \u00e4r defekt (reklamation) eller om vi har packat fel. Returer ska skickas som brev eller paket, inte mot postf\u00f6rskott. Vid byten betalar vi den nya frakten fr\u00e5n oss till dig. Vid reklamation kontakta oss via hej@pursuit.se med information om vilken vara du vill reklamera och anledningen till detta.<\/p>\n<h2>14 dagars \u00f6ppet k\u00f6p<\/h2>\n<p>Vi f\u00f6ljer distansavtalslagen och d\u00e4rmed har du r\u00e4tt att returnera best\u00e4llda varor utan att ange n\u00e5gon anledning. Du \u00e5ngrar ditt k\u00f6p genom att inom 14 dagar fr\u00e5n att du mottagit din best\u00e4llning (eller st\u00f6rre del av) meddela oss. Artikeln ska returneras v\u00e4l emballerad, i fint skick och i originalkartong.<\/p>\n<p>Om du som kund har hanterat artikeln i st\u00f6rre utstr\u00e4ckning \u00e4n vad som \u00e4r n\u00f6dv\u00e4ndigt f\u00f6r att fastst\u00e4lla dess egenskaper eller funktion och detta lett till att artikeln som returneras \u00e4r mindre v\u00e4rd, har vi r\u00e4tt att dra av en summa motsvarande artikelns v\u00e4rdeminskning p\u00e5 det belopp som ska \u00e5terbetalas. V\u00e4rdeminskningen bed\u00f6ms fr\u00e5n fall till fall.<\/p>\n<p><strong>Returer skickas till:<\/strong><br \/>Formidabel design<br \/>H\u00e4gnev\u00e4gen 26<br \/>576 33 S\u00e4vsj\u00f6<\/p>\n<p><strong>\u00c5terbetalning<\/strong><\/p>\n<p>Om du nyttjar din \u00e5ngerr\u00e4tt eller returnerar pga reklamation betalar vi tillbaka vad du har betalat f\u00f6r artikeln snarast eller senast inom 30 dagar fr\u00e5n den dag d\u00e5 vi tog emot artikeln. Du f\u00e5r sj\u00e4lv betala returkostnaderna n\u00e4r du s\u00e4nder tillbaka artikeln, f\u00f6rutom vid reklamation.<\/p>\n<p>L\u00e4s mer om distansavtalslagen hos Konsumentverket: <a href=\"http:\/\/www.konsumentverket.se\/\" target=\"_blank\" rel=\"noopener noreferrer\">http:\/\/www.konsumentverket.se\/<br \/><\/a><\/p>\n<h2>Outh\u00e4mtade varubrev<\/h2>\n<p>Om varubrevet\/peketet inte kan levereras till din adress f\u00e5r du en avisering och du kan h\u00e4mta dina varor p\u00e5 n\u00e4rmaste utl\u00e4mningsst\u00e4lle. Varubrevet\/paketet finns hos utl\u00e4mningsst\u00e4llet i 14 dagar, d\u00e4refter returneras varubrevet till v\u00e5rt lager. Vi debiterar en avgift p\u00e5 200 kr f\u00f6r outh\u00e4mtade varubrev motsvarande den faktiska kostnaden f\u00f6r returfrakten, fraktavgift samt hantering.<\/p>\n<h3><a href=\"http:\/\/www.konsumentverket.se\/\" target=\"_blank\" rel=\"noopener noreferrer\">\u00a0<\/a><\/h3>\n<h2>Integritetspolicy<\/h2>\n<p>N\u00e4r du l\u00e4gger din best\u00e4llning hos oss beh\u00f6ver du uppge vissa personuppgifter. Formidabel design \u00e4r ansvarig f\u00f6r behandling av dina personuppgifter. Kontaktuppgifter finner du l\u00e4ngst upp p\u00e5 denna sida. Uppgifterna samlas in f\u00f6r att kunna fullf\u00f6lja ditt k\u00f6p hos oss. Uppgifterna sparas \u00e4ven i bokf\u00f6ringssyfte. Uppgifter som beh\u00f6vs f\u00f6r bokf\u00f6ring kommer att sparas s\u00e5 l\u00e4nge bokf\u00f6ringslagen kr\u00e4ver (just nu 7 \u00e5r). \u00d6vriga uppgifter kommer att raderas efter 1 \u00e5r.<\/p>\n<p>Du har r\u00e4tt att veta vilka uppgifter som Formidabel design har sparade om dig. Du kan beg\u00e4ra registerutdrag via hej@formidabeldesign.se\u00a0. Formidabel design \u00e4r skyldiga att r\u00e4tta uppgifter som \u00e4r felaktiga, ofullst\u00e4ndiga eller missvisande.<\/p>\n<p>[\/et_pb_text][\/et_pb_column][\/et_pb_row][\/et_pb_section][et_pb_section fb_built=&#8221;1&#8243; _builder_version=&#8221;4.18.0&#8243; _module_preset=&#8221;default&#8221; background_color=&#8221;#333333&#8243; global_colors_info=&#8221;{}&#8221;][et_pb_row column_structure=&#8221;1_2,1_4,1_4&#8243; _builder_version=&#8221;4.18.0&#8243; _module_preset=&#8221;default&#8221; global_colors_info=&#8221;{}&#8221;][et_pb_column type=&#8221;1_2&#8243; _builder_version=&#8221;4.18.0&#8243; _module_preset=&#8221;default&#8221; global_colors_info=&#8221;{}&#8221;][et_pb_text _builder_version=&#8221;4.18.0&#8243; _module_preset=&#8221;default&#8221; background_layout=&#8221;dark&#8221; global_colors_info=&#8221;{}&#8221;]<\/p>\n<h3>Om oss<\/h3>\n<p>Pursuit \u2014 l\u00e4rjungatr\u00e4ning \u00e4r det \u00f6vergripande namnet f\u00f6r\u00a0H\u00f6glandskyrkans material framtaget f\u00f6r att fr\u00e4mja bibell\u00e4sning i alla \u00e5ldrar.<\/p>\n<p>Den h\u00e4r sidan, fakturering samt distrubition av material sker i samarbete med <a href=\"http:\/\/www.formidabeldesign.se\" target=\"_blank\" rel=\"noopener\">Formidabel design<\/a>.<\/p>\n<p>[\/et_pb_text][\/et_pb_column][et_pb_column type=&#8221;1_4&#8243; _builder_version=&#8221;4.18.0&#8243; _module_preset=&#8221;default&#8221; global_colors_info=&#8221;{}&#8221;][\/et_pb_column][et_pb_column type=&#8221;1_4&#8243; _builder_version=&#8221;4.18.0&#8243; _module_preset=&#8221;default&#8221; global_colors_info=&#8221;{}&#8221;][et_pb_image src=&#8221;https:\/\/pursuit.se\/wp-content\/uploads\/2022\/10\/pursuit-logo-white-300px.png&#8221; _builder_version=&#8221;4.18.0&#8243; _module_preset=&#8221;default&#8221; custom_margin=&#8221;40px||||false|false&#8221; global_colors_info=&#8221;{}&#8221;][\/et_pb_image][et_pb_image src=&#8221;https:\/\/pursuit.se\/wp-content\/uploads\/2022\/10\/hk-logo-white-300px.png&#8221; url=&#8221;https:\/\/www.hoglandskyrkan.se&#8221; url_new_window=&#8221;on&#8221; _builder_version=&#8221;4.18.0&#8243; _module_preset=&#8221;default&#8221; custom_margin=&#8221;40px||||false|false&#8221; global_colors_info=&#8221;{}&#8221;][\/et_pb_image][\/et_pb_column][\/et_pb_row][\/et_pb_section]<\/p>\n","protected":false},"excerpt":{"rendered":"<p>Villkor och allm\u00e4n information F\u00f6retagsinformation Pursuit \u2014 l\u00e4rjungatr\u00e4ning \u00e4r det \u00f6vergripande namnet f\u00f6r\u00a0H\u00f6glandskyrkans material framtaget f\u00f6r att fr\u00e4mja bibell\u00e4sning i alla \u00e5ldrar.P\u00e5 uppdrag av Pursuit tillhandah\u00e5lls, uppdateras och hanteras inneh\u00e5llet i denna webbutik av f\u00f6ljande f\u00f6retag: Formidabel designformidabeldesign.seH\u00e4gnev\u00e4gen 26576 33 S\u00e4vsj\u00f6 Organisationsnummer:\u00a0820213-2943Telefonnummer: 0733-468088E-postadress: hej@formidabeldesign.se Betalning och priser Alla priser \u00e4r dagsaktuella och kan komma att [&hellip;]<\/p>\n","protected":false},"author":1,"featured_media":0,"parent":0,"menu_order":0,"comment_status":"closed","ping_status":"closed","template":"","meta":{"_et_pb_use_builder":"on","_et_pb_old_content":"<!-- wp:paragraph -->\n<p><b>This is a sample page.<\/b><\/p>\n<!-- \/wp:paragraph -->\n\n<!-- wp:paragraph -->\n<p><h3>Overview<\/h3><\/p>\n<!-- \/wp:paragraph -->\n\n<!-- wp:paragraph -->\n<p>Our refund and returns policy lasts 30 days. If 30 days have passed since your purchase, we can\u2019t offer you a full refund or exchange.<\/p>\n<!-- \/wp:paragraph -->\n\n<!-- wp:paragraph -->\n<p>To be eligible for a return, your item must be unused and in the same condition that you received it. It must also be in the original packaging.<\/p>\n<!-- \/wp:paragraph -->\n\n<!-- wp:paragraph -->\n<p>Several types of goods are exempt from being returned. Perishable goods such as food, flowers, newspapers or magazines cannot be returned. We also do not accept products that are intimate or sanitary goods, hazardous materials, or flammable liquids or gases.<\/p>\n<!-- \/wp:paragraph -->\n\n<!-- wp:paragraph -->\n<p>Additional non-returnable items:<\/p>\n<!-- \/wp:paragraph -->\n\n<!-- wp:list -->\n<ul><li>Gift cards<\/li><li>Downloadable software products<\/li><li>Some health and personal care items<\/li><\/ul>\n<!-- \/wp:list -->\n\n<!-- wp:paragraph -->\n<p>To complete your return, we require a receipt or proof of purchase.<\/p>\n<!-- \/wp:paragraph -->\n\n<!-- wp:paragraph -->\n<p>Please do not send your purchase back to the manufacturer.<\/p>\n<!-- \/wp:paragraph -->\n\n<!-- wp:paragraph -->\n<p>There are certain situations where only partial refunds are granted:<\/p>\n<!-- \/wp:paragraph -->\n\n<!-- wp:list -->\n<ul><li>Book with obvious signs of use<\/li><li>CD, DVD, VHS tape, software, video game, cassette tape, or vinyl record that has been opened.<\/li><li>Any item not in its original condition, is damaged or missing parts for reasons not due to our error.<\/li><li>Any item that is returned more than 30 days after delivery<\/li><\/ul>\n<!-- \/wp:list -->\n\n<!-- wp:paragraph -->\n<p><h2>Refunds<\/h2><\/p>\n<!-- \/wp:paragraph -->\n\n<!-- wp:paragraph -->\n<p>Once your return is received and inspected, we will send you an email to notify you that we have received your returned item. We will also notify you of the approval or rejection of your refund.<\/p>\n<!-- \/wp:paragraph -->\n\n<!-- wp:paragraph -->\n<p>If you are approved, then your refund will be processed, and a credit will automatically be applied to your credit card or original method of payment, within a certain amount of days.<\/p>\n<!-- \/wp:paragraph -->\n\n<!-- wp:paragraph -->\n<p><b>Late or missing refunds<\/b><\/p>\n<!-- \/wp:paragraph -->\n\n<!-- wp:paragraph -->\n<p>If you haven\u2019t received a refund yet, first check your bank account again.<\/p>\n<!-- \/wp:paragraph -->\n\n<!-- wp:paragraph -->\n<p>Then contact your credit card company, it may take some time before your refund is officially posted.<\/p>\n<!-- \/wp:paragraph -->\n\n<!-- wp:paragraph -->\n<p>Next contact your bank. There is often some processing time before a refund is posted.<\/p>\n<!-- \/wp:paragraph -->\n\n<!-- wp:paragraph -->\n<p>If you\u2019ve done all of this and you still have not received your refund yet, please contact us at {email address}.<\/p>\n<!-- \/wp:paragraph -->\n\n<!-- wp:paragraph -->\n<p><b>Sale items<\/b><\/p>\n<!-- \/wp:paragraph -->\n\n<!-- wp:paragraph -->\n<p>Only regular priced items may be refunded. Sale items cannot be refunded.<\/p>\n<!-- \/wp:paragraph -->\n\n<!-- wp:paragraph -->\n<p><h2>Exchanges<\/h2><\/p>\n<!-- \/wp:paragraph -->\n\n<!-- wp:paragraph -->\n<p>We only replace items if they are defective or damaged. If you need to exchange it for the same item, send us an email at {email address} and send your item to: {physical address}.<\/p>\n<!-- \/wp:paragraph -->\n\n<!-- wp:paragraph -->\n<p><h2>Gifts<\/h2><\/p>\n<!-- \/wp:paragraph -->\n\n<!-- wp:paragraph -->\n<p>If the item was marked as a gift when purchased and shipped directly to you, you\u2019ll receive a gift credit for the value of your return. Once the returned item is received, a gift certificate will be mailed to you.<\/p>\n<!-- \/wp:paragraph -->\n\n<!-- wp:paragraph -->\n<p>If the item wasn\u2019t marked as a gift when purchased, or the gift giver had the order shipped to themselves to give to you later, we will send a refund to the gift giver and they will find out about your return.<\/p>\n<!-- \/wp:paragraph -->\n\n<!-- wp:paragraph -->\n<p><h2>Shipping returns<\/h2><\/p>\n<!-- \/wp:paragraph -->\n\n<!-- wp:paragraph -->\n<p>To return your product, you should mail your product to: {physical address}.<\/p>\n<!-- \/wp:paragraph -->\n\n<!-- wp:paragraph -->\n<p>You will be responsible for paying for your own shipping costs for returning your item. Shipping costs are non-refundable. If you receive a refund, the cost of return shipping will be deducted from your refund.<\/p>\n<!-- \/wp:paragraph -->\n\n<!-- wp:paragraph -->\n<p>Depending on where you live, the time it may take for your exchanged product to reach you may vary.<\/p>\n<!-- \/wp:paragraph -->\n\n<!-- wp:paragraph -->\n<p>If you are returning more expensive items, you may consider using a trackable shipping service or purchasing shipping insurance. We don\u2019t guarantee that we will receive your returned item.<\/p>\n<!-- \/wp:paragraph -->\n\n<!-- wp:paragraph -->\n<p><h2>Need help?<\/h2><\/p>\n<!-- \/wp:paragraph -->\n\n<!-- wp:paragraph -->\n<p>Contact us at {email} for questions related to refunds and returns.<\/p>\n<!-- \/wp:paragraph -->\n\n<!-- wp:paragraph -->\n<p><\/p>\n<!-- \/wp:paragraph -->","_et_gb_content_width":"","footnotes":""},"class_list":["post-39","page","type-page","status-publish","hentry"],"_links":{"self":[{"href":"https:\/\/pursuit.se\/index.php?rest_route=\/wp\/v2\/pages\/39","targetHints":{"allow":["GET"]}}],"collection":[{"href":"https:\/\/pursuit.se\/index.php?rest_route=\/wp\/v2\/pages"}],"about":[{"href":"https:\/\/pursuit.se\/index.php?rest_route=\/wp\/v2\/types\/page"}],"author":[{"embeddable":true,"href":"https:\/\/pursuit.se\/index.php?rest_route=\/wp\/v2\/users\/1"}],"replies":[{"embeddable":true,"href":"https:\/\/pursuit.se\/index.php?rest_route=%2Fwp%2Fv2%2Fcomments&post=39"}],"version-history":[{"count":6,"href":"https:\/\/pursuit.se\/index.php?rest_route=\/wp\/v2\/pages\/39\/revisions"}],"predecessor-version":[{"id":228,"href":"https:\/\/pursuit.se\/index.php?rest_route=\/wp\/v2\/pages\/39\/revisions\/228"}],"wp:attachment":[{"href":"https:\/\/pursuit.se\/index.php?rest_route=%2Fwp%2Fv2%2Fmedia&parent=39"}],"curies":[{"name":"wp","href":"https:\/\/api.w.org\/{rel}","templated":true}]}}