{"id":154,"date":"2022-10-07T21:20:54","date_gmt":"2022-10-07T19:20:54","guid":{"rendered":"https:\/\/pursuit.se\/?post_type=product&#038;p=154"},"modified":"2025-11-11T12:10:32","modified_gmt":"2025-11-11T11:10:32","slug":"disciple-groups-om-markusevangeliet-bibelstudiesguide-i-bokmarkesformat","status":"publish","type":"product","link":"https:\/\/pursuit.se\/?product=disciple-groups-om-markusevangeliet-bibelstudiesguide-i-bokmarkesformat","title":{"rendered":"PAKET: DBS-h\u00e4fte &#038; Bibelstudiesguide i bokm\u00e4rkesformat"},"content":{"rendered":"<p>[et_pb_section fb_built=&#8221;1&#8243; _builder_version=&#8221;4.16&#8243; custom_padding=&#8221;0px||||false|false&#8221; global_colors_info=&#8221;{}&#8221; da_is_popup=&#8221;off&#8221; da_exit_intent=&#8221;off&#8221; da_has_close=&#8221;on&#8221; da_alt_close=&#8221;off&#8221; da_dark_close=&#8221;off&#8221; da_not_modal=&#8221;on&#8221; da_is_singular=&#8221;off&#8221; da_with_loader=&#8221;off&#8221; da_has_shadow=&#8221;on&#8221; da_disable_devices=&#8221;off|off|off&#8221;][et_pb_row _builder_version=&#8221;4.16&#8243; background_size=&#8221;initial&#8221; background_position=&#8221;top_left&#8221; background_repeat=&#8221;repeat&#8221; width=&#8221;100%&#8221; custom_padding=&#8221;0px||0px||false|false&#8221; global_colors_info=&#8221;{}&#8221;][et_pb_column type=&#8221;4_4&#8243; _builder_version=&#8221;4.16&#8243; custom_padding=&#8221;|||&#8221; global_colors_info=&#8221;{}&#8221; custom_padding__hover=&#8221;|||&#8221;][et_pb_wc_breadcrumb _builder_version=&#8221;4.16&#8243; global_colors_info=&#8221;{}&#8221;][\/et_pb_wc_breadcrumb][et_pb_wc_cart_notice _builder_version=&#8221;4.16&#8243; global_colors_info=&#8221;{}&#8221;][\/et_pb_wc_cart_notice][\/et_pb_column][\/et_pb_row][et_pb_row column_structure=&#8221;1_2,1_2&#8243; _builder_version=&#8221;4.16&#8243; background_size=&#8221;initial&#8221; background_position=&#8221;top_left&#8221; background_repeat=&#8221;repeat&#8221; width=&#8221;100%&#8221; custom_padding=&#8221;0px||||false|false&#8221; global_colors_info=&#8221;{}&#8221;][et_pb_column type=&#8221;1_2&#8243; _builder_version=&#8221;4.16&#8243; custom_padding=&#8221;|||&#8221; global_colors_info=&#8221;{}&#8221; custom_padding__hover=&#8221;|||&#8221;][et_pb_wc_images _builder_version=&#8221;4.16&#8243; global_colors_info=&#8221;{}&#8221;][\/et_pb_wc_images][\/et_pb_column][et_pb_column type=&#8221;1_2&#8243; _builder_version=&#8221;4.16&#8243; custom_padding=&#8221;|||&#8221; global_colors_info=&#8221;{}&#8221; custom_padding__hover=&#8221;|||&#8221;][et_pb_wc_title _builder_version=&#8221;4.16&#8243; global_colors_info=&#8221;{}&#8221;][\/et_pb_wc_title][et_pb_wc_rating _builder_version=&#8221;4.16&#8243; global_colors_info=&#8221;{}&#8221;][\/et_pb_wc_rating][et_pb_wc_price _builder_version=&#8221;4.16&#8243; global_colors_info=&#8221;{}&#8221;][\/et_pb_wc_price][et_pb_wc_description _builder_version=&#8221;4.16&#8243; global_colors_info=&#8221;{}&#8221;][\/et_pb_wc_description][et_pb_wc_add_to_cart _builder_version=&#8221;4.16&#8243; global_colors_info=&#8221;{}&#8221;][\/et_pb_wc_add_to_cart][et_pb_wc_meta _builder_version=&#8221;4.16&#8243; global_colors_info=&#8221;{}&#8221;][\/et_pb_wc_meta][\/et_pb_column][\/et_pb_row][et_pb_row _builder_version=&#8221;4.16&#8243; background_size=&#8221;initial&#8221; background_position=&#8221;top_left&#8221; background_repeat=&#8221;repeat&#8221; width=&#8221;100%&#8221; global_colors_info=&#8221;{}&#8221;][et_pb_column type=&#8221;4_4&#8243; _builder_version=&#8221;4.16&#8243; custom_padding=&#8221;|||&#8221; global_colors_info=&#8221;{}&#8221; custom_padding__hover=&#8221;|||&#8221;][et_pb_wc_tabs _builder_version=&#8221;4.16&#8243; global_colors_info=&#8221;{}&#8221;]\t\t\t\t\t[\/et_pb_wc_tabs][et_pb_wc_upsells _builder_version=&#8221;4.16&#8243; global_colors_info=&#8221;{}&#8221;][\/et_pb_wc_upsells][et_pb_wc_related_products _builder_version=&#8221;4.16&#8243; global_colors_info=&#8221;{}&#8221;][\/et_pb_wc_related_products][\/et_pb_column][\/et_pb_row][\/et_pb_section]<\/p>\n","protected":false},"excerpt":{"rendered":"<p>PAKET<\/p>\n<p>H\u00e4fte baserat p\u00e5 uppt\u00e4ckande bibell\u00e4sning (DBS) tillsammans med Bibelstudieguide i bokm\u00e4rkesformat.<\/p>\n<p>V\u00e4lj typ av DBS-h\u00e4fte:<\/p>\n<ul>\n<li>Markusevangeliet<\/li>\n<li>Uppdrag<\/li>\n<\/ul>\n","protected":false},"featured_media":155,"template":"","meta":{"_et_pb_use_builder":"on","_et_pb_old_content":"<strong>H\u00e4ftet<\/strong> \u00e4r uppbyggt kring ett flertal tillf\u00e4llen och inneh\u00e5ller \u00e4ven praktiska tips om hur du praktiserar det du just har l\u00e4st. Vid varje tillf\u00e4lle uppmuntras att:\r\n<ul>\r\n \t<li>L\u00e4s bibeltexten tillsammans.<\/li>\r\n \t<li>Anv\u00e4nd QR-koden f\u00f6r att titta och\u00a0lyssna p\u00e5 bibeltexten via Lumo-project.<\/li>\r\n \t<li>L\u00e4gg ifr\u00e5n er Bibeln, datorn och telefonerna\u00a0och ber\u00e4tta f\u00f6r varandra vad\u00a0ni precis l\u00e4st, lyssnat och tittat p\u00e5.<\/li>\r\n \t<li>Anv\u00e4nd fr\u00e5gorna som finns i h\u00e4ftet\u00a0f\u00f6r att forts\u00e4tta samtalet.<\/li>\r\n \t<li>Avsluta med att be f\u00f6r varandra.<\/li>\r\n<\/ul>\r\nL\u00e4s g\u00e4rna det h\u00e4r h\u00e4ftet tillsammans med\u00a0andra i sm\u00e5grupp, ungdomsgrupp eller liknande.\r\n\r\n<strong>Bibelstudieguide<\/strong> med fr\u00e5gor f\u00f6r uppt\u00e4ckande bibell\u00e4sning.\r\nGuiden best\u00e5r av 10 fr\u00e5gor, \u00e4r i bokm\u00e4rkesformat och passar perfekt att f\u00f6rvara i din Bibel.","_et_gb_content_width":""},"product_brand":[],"product_cat":[25,22],"product_tag":[],"class_list":{"0":"post-154","1":"product","2":"type-product","3":"status-publish","4":"has-post-thumbnail","6":"product_cat-bibelstudieguide","7":"product_cat-disciple-groups","9":"first","10":"instock","11":"taxable","12":"shipping-taxable","13":"purchasable","14":"product-type-variable","15":"has-default-attributes"},"_links":{"self":[{"href":"https:\/\/pursuit.se\/index.php?rest_route=\/wp\/v2\/product\/154","targetHints":{"allow":["GET"]}}],"collection":[{"href":"https:\/\/pursuit.se\/index.php?rest_route=\/wp\/v2\/product"}],"about":[{"href":"https:\/\/pursuit.se\/index.php?rest_route=\/wp\/v2\/types\/product"}],"wp:featuredmedia":[{"embeddable":true,"href":"https:\/\/pursuit.se\/index.php?rest_route=\/wp\/v2\/media\/155"}],"wp:attachment":[{"href":"https:\/\/pursuit.se\/index.php?rest_route=%2Fwp%2Fv2%2Fmedia&parent=154"}],"wp:term":[{"taxonomy":"product_brand","embeddable":true,"href":"https:\/\/pursuit.se\/index.php?rest_route=%2Fwp%2Fv2%2Fproduct_brand&post=154"},{"taxonomy":"product_cat","embeddable":true,"href":"https:\/\/pursuit.se\/index.php?rest_route=%2Fwp%2Fv2%2Fproduct_cat&post=154"},{"taxonomy":"product_tag","embeddable":true,"href":"https:\/\/pursuit.se\/index.php?rest_route=%2Fwp%2Fv2%2Fproduct_tag&post=154"}],"curies":[{"name":"wp","href":"https:\/\/api.w.org\/{rel}","templated":true}]}}