{"id":266,"date":"2023-09-20T08:47:24","date_gmt":"2023-09-20T06:47:24","guid":{"rendered":"https:\/\/pursuit.se\/?post_type=product&#038;p=266"},"modified":"2026-01-28T16:24:40","modified_gmt":"2026-01-28T15:24:40","slug":"disciple-groups-uppdrag","status":"publish","type":"product","link":"https:\/\/pursuit.se\/?product=disciple-groups-uppdrag","title":{"rendered":"Disciple groups &#8211; Uppdrag"},"content":{"rendered":"<p>[et_pb_section fb_built=&#8221;1&#8243; _builder_version=&#8221;4.16&#8243; custom_padding=&#8221;0px||||false|false&#8221; global_colors_info=&#8221;{}&#8221; da_is_popup=&#8221;off&#8221; da_exit_intent=&#8221;off&#8221; da_has_close=&#8221;on&#8221; da_alt_close=&#8221;off&#8221; da_dark_close=&#8221;off&#8221; da_not_modal=&#8221;on&#8221; da_is_singular=&#8221;off&#8221; da_with_loader=&#8221;off&#8221; da_has_shadow=&#8221;on&#8221; da_disable_devices=&#8221;off|off|off&#8221;][et_pb_row _builder_version=&#8221;4.16&#8243; background_size=&#8221;initial&#8221; background_position=&#8221;top_left&#8221; background_repeat=&#8221;repeat&#8221; width=&#8221;100%&#8221; custom_padding=&#8221;0px||0px||false|false&#8221; global_colors_info=&#8221;{}&#8221;][et_pb_column type=&#8221;4_4&#8243; _builder_version=&#8221;4.16&#8243; custom_padding=&#8221;|||&#8221; global_colors_info=&#8221;{}&#8221; custom_padding__hover=&#8221;|||&#8221;][et_pb_wc_breadcrumb _builder_version=&#8221;4.16&#8243; global_colors_info=&#8221;{}&#8221;][\/et_pb_wc_breadcrumb][et_pb_wc_cart_notice _builder_version=&#8221;4.16&#8243; global_colors_info=&#8221;{}&#8221;][\/et_pb_wc_cart_notice][\/et_pb_column][\/et_pb_row][et_pb_row column_structure=&#8221;1_2,1_2&#8243; _builder_version=&#8221;4.16&#8243; background_size=&#8221;initial&#8221; background_position=&#8221;top_left&#8221; background_repeat=&#8221;repeat&#8221; width=&#8221;100%&#8221; custom_padding=&#8221;0px||||false|false&#8221; global_colors_info=&#8221;{}&#8221;][et_pb_column type=&#8221;1_2&#8243; _builder_version=&#8221;4.16&#8243; custom_padding=&#8221;|||&#8221; global_colors_info=&#8221;{}&#8221; custom_padding__hover=&#8221;|||&#8221;][et_pb_wc_images _builder_version=&#8221;4.16&#8243; global_colors_info=&#8221;{}&#8221;][\/et_pb_wc_images][\/et_pb_column][et_pb_column type=&#8221;1_2&#8243; _builder_version=&#8221;4.16&#8243; custom_padding=&#8221;|||&#8221; global_colors_info=&#8221;{}&#8221; custom_padding__hover=&#8221;|||&#8221;][et_pb_wc_title _builder_version=&#8221;4.18.0&#8243; global_colors_info=&#8221;{}&#8221;][\/et_pb_wc_title][et_pb_wc_rating _builder_version=&#8221;4.16&#8243; global_colors_info=&#8221;{}&#8221;][\/et_pb_wc_rating][et_pb_wc_price _builder_version=&#8221;4.16&#8243; global_colors_info=&#8221;{}&#8221;][\/et_pb_wc_price][et_pb_wc_description _builder_version=&#8221;4.16&#8243; global_colors_info=&#8221;{}&#8221;][\/et_pb_wc_description][et_pb_wc_add_to_cart _builder_version=&#8221;4.16&#8243; global_colors_info=&#8221;{}&#8221;][\/et_pb_wc_add_to_cart][et_pb_wc_meta _builder_version=&#8221;4.16&#8243; global_colors_info=&#8221;{}&#8221;][\/et_pb_wc_meta][\/et_pb_column][\/et_pb_row][et_pb_row _builder_version=&#8221;4.16&#8243; background_size=&#8221;initial&#8221; background_position=&#8221;top_left&#8221; background_repeat=&#8221;repeat&#8221; width=&#8221;100%&#8221; global_colors_info=&#8221;{}&#8221;][et_pb_column type=&#8221;4_4&#8243; _builder_version=&#8221;4.16&#8243; custom_padding=&#8221;|||&#8221; global_colors_info=&#8221;{}&#8221; custom_padding__hover=&#8221;|||&#8221;][et_pb_wc_tabs _builder_version=&#8221;4.16&#8243; global_colors_info=&#8221;{}&#8221;] [\/et_pb_wc_tabs][et_pb_wc_upsells _builder_version=&#8221;4.16&#8243; global_colors_info=&#8221;{}&#8221;][\/et_pb_wc_upsells][et_pb_wc_related_products _builder_version=&#8221;4.16&#8243; global_colors_info=&#8221;{}&#8221;][\/et_pb_wc_related_products][\/et_pb_column][\/et_pb_row][\/et_pb_section]<\/p>\n","protected":false},"excerpt":{"rendered":"<p>H\u00e4fte baserat p\u00e5 uppt\u00e4ckande bibell\u00e4sning (DBS) med fokus p\u00e5 Jesu uppdrag, som ocks\u00e5 \u00e4r v\u00e5rt uppdrag.<\/p>\n<p>&nbsp;<\/p>\n","protected":false},"featured_media":271,"template":"","meta":{"_et_pb_use_builder":"on","_et_pb_old_content":"H\u00e4ftet \u00e4r uppbyggt kring 14 tillf\u00e4llen och inneh\u00e5ller \u00e4ven uppslag om hur du kan praktisera det du ha l\u00e4st. Vid varje tillf\u00e4lle uppmuntras att:\r\n<ul>\r\n \t<li>L\u00e4s bibeltexten tillsammans.<\/li>\r\n \t<li>Anv\u00e4nd QR-koden f\u00f6r att titta och\u00a0lyssna p\u00e5 bibeltexten via Lumo-project.<\/li>\r\n \t<li>L\u00e4gg ifr\u00e5n er Bibeln, datorn och telefonerna\u00a0och ber\u00e4tta f\u00f6r varandra vad\u00a0ni precis l\u00e4st, lyssnat och tittat p\u00e5.<\/li>\r\n \t<li>Anv\u00e4nd fr\u00e5gorna som finns i h\u00e4ftet\u00a0f\u00f6r att forts\u00e4tta samtalet.<\/li>\r\n \t<li>Avsluta med att be f\u00f6r varandra.<\/li>\r\n<\/ul>\r\nL\u00e4s g\u00e4rna det h\u00e4r h\u00e4ftet tillsammans med\u00a0andra i sm\u00e5grupp, ungdomsgrupp eller liknande.\r\n\r\n40 sidor. H\u00e4ftad rygg.","_et_gb_content_width":""},"product_brand":[],"product_cat":[20,22],"product_tag":[21],"class_list":{"0":"post-266","1":"product","2":"type-product","3":"status-publish","4":"has-post-thumbnail","6":"product_cat-bibelstudiehafte","7":"product_cat-disciple-groups","8":"product_tag-hafte","10":"first","11":"instock","12":"taxable","13":"shipping-taxable","14":"purchasable","15":"product-type-simple"},"_links":{"self":[{"href":"https:\/\/pursuit.se\/index.php?rest_route=\/wp\/v2\/product\/266","targetHints":{"allow":["GET"]}}],"collection":[{"href":"https:\/\/pursuit.se\/index.php?rest_route=\/wp\/v2\/product"}],"about":[{"href":"https:\/\/pursuit.se\/index.php?rest_route=\/wp\/v2\/types\/product"}],"wp:featuredmedia":[{"embeddable":true,"href":"https:\/\/pursuit.se\/index.php?rest_route=\/wp\/v2\/media\/271"}],"wp:attachment":[{"href":"https:\/\/pursuit.se\/index.php?rest_route=%2Fwp%2Fv2%2Fmedia&parent=266"}],"wp:term":[{"taxonomy":"product_brand","embeddable":true,"href":"https:\/\/pursuit.se\/index.php?rest_route=%2Fwp%2Fv2%2Fproduct_brand&post=266"},{"taxonomy":"product_cat","embeddable":true,"href":"https:\/\/pursuit.se\/index.php?rest_route=%2Fwp%2Fv2%2Fproduct_cat&post=266"},{"taxonomy":"product_tag","embeddable":true,"href":"https:\/\/pursuit.se\/index.php?rest_route=%2Fwp%2Fv2%2Fproduct_tag&post=266"}],"curies":[{"name":"wp","href":"https:\/\/api.w.org\/{rel}","templated":true}]}}