{"id":87,"date":"2022-09-29T15:23:21","date_gmt":"2022-09-29T13:23:21","guid":{"rendered":"https:\/\/pursuit.se\/?post_type=product&#038;p=87"},"modified":"2026-02-26T12:32:27","modified_gmt":"2026-02-26T11:32:27","slug":"disciple-groups-markusevangeliet","status":"publish","type":"product","link":"https:\/\/pursuit.se\/?product=disciple-groups-markusevangeliet","title":{"rendered":"Disciple groups &#8211; Markusevangeliet"},"content":{"rendered":"<p>[et_pb_section fb_built=&#8221;1&#8243; _builder_version=&#8221;4.16&#8243; custom_padding=&#8221;0px||||false|false&#8221; global_colors_info=&#8221;{}&#8221;][et_pb_row _builder_version=&#8221;4.16&#8243; background_size=&#8221;initial&#8221; background_position=&#8221;top_left&#8221; background_repeat=&#8221;repeat&#8221; width=&#8221;100%&#8221; custom_padding=&#8221;0px||0px||false|false&#8221; global_colors_info=&#8221;{}&#8221;][et_pb_column type=&#8221;4_4&#8243; _builder_version=&#8221;4.16&#8243; custom_padding=&#8221;|||&#8221; global_colors_info=&#8221;{}&#8221; custom_padding__hover=&#8221;|||&#8221;][et_pb_wc_breadcrumb _builder_version=&#8221;4.16&#8243; global_colors_info=&#8221;{}&#8221;][\/et_pb_wc_breadcrumb][et_pb_wc_cart_notice _builder_version=&#8221;4.16&#8243; global_colors_info=&#8221;{}&#8221;][\/et_pb_wc_cart_notice][\/et_pb_column][\/et_pb_row][et_pb_row column_structure=&#8221;1_2,1_2&#8243; _builder_version=&#8221;4.16&#8243; background_size=&#8221;initial&#8221; background_position=&#8221;top_left&#8221; background_repeat=&#8221;repeat&#8221; width=&#8221;100%&#8221; custom_padding=&#8221;0px||||false|false&#8221; global_colors_info=&#8221;{}&#8221;][et_pb_column type=&#8221;1_2&#8243; _builder_version=&#8221;4.16&#8243; custom_padding=&#8221;|||&#8221; global_colors_info=&#8221;{}&#8221; custom_padding__hover=&#8221;|||&#8221;][et_pb_wc_images _builder_version=&#8221;4.16&#8243; global_colors_info=&#8221;{}&#8221;][\/et_pb_wc_images][\/et_pb_column][et_pb_column type=&#8221;1_2&#8243; _builder_version=&#8221;4.16&#8243; custom_padding=&#8221;|||&#8221; global_colors_info=&#8221;{}&#8221; custom_padding__hover=&#8221;|||&#8221;][et_pb_wc_title _builder_version=&#8221;4.18.0&#8243; global_colors_info=&#8221;{}&#8221;][\/et_pb_wc_title][et_pb_wc_rating _builder_version=&#8221;4.16&#8243; global_colors_info=&#8221;{}&#8221;][\/et_pb_wc_rating][et_pb_wc_price _builder_version=&#8221;4.16&#8243; global_colors_info=&#8221;{}&#8221;][\/et_pb_wc_price][et_pb_wc_description _builder_version=&#8221;4.16&#8243; global_colors_info=&#8221;{}&#8221;][\/et_pb_wc_description][et_pb_wc_add_to_cart _builder_version=&#8221;4.16&#8243; global_colors_info=&#8221;{}&#8221;][\/et_pb_wc_add_to_cart][et_pb_wc_meta _builder_version=&#8221;4.16&#8243; global_colors_info=&#8221;{}&#8221;][\/et_pb_wc_meta][\/et_pb_column][\/et_pb_row][et_pb_row _builder_version=&#8221;4.16&#8243; background_size=&#8221;initial&#8221; background_position=&#8221;top_left&#8221; background_repeat=&#8221;repeat&#8221; width=&#8221;100%&#8221; global_colors_info=&#8221;{}&#8221;][et_pb_column type=&#8221;4_4&#8243; _builder_version=&#8221;4.16&#8243; custom_padding=&#8221;|||&#8221; global_colors_info=&#8221;{}&#8221; custom_padding__hover=&#8221;|||&#8221;][et_pb_wc_tabs _builder_version=&#8221;4.16&#8243; global_colors_info=&#8221;{}&#8221;] [\/et_pb_wc_tabs][et_pb_wc_upsells _builder_version=&#8221;4.16&#8243; global_colors_info=&#8221;{}&#8221;][\/et_pb_wc_upsells][et_pb_wc_related_products _builder_version=&#8221;4.16&#8243; global_colors_info=&#8221;{}&#8221;][\/et_pb_wc_related_products][\/et_pb_column][\/et_pb_row][\/et_pb_section]<\/p>\n","protected":false},"excerpt":{"rendered":"<p>H\u00e4fte baserat p\u00e5 uppt\u00e4ckande bibell\u00e4sning (DBS) med fokus p\u00e5 Markusevangeliet.<\/p>\n<p>&nbsp;<\/p>\n","protected":false},"featured_media":93,"template":"","meta":{"_et_pb_use_builder":"on","_et_pb_old_content":"H\u00e4ftet \u00e4r uppbyggt kring 28 tillf\u00e4llen och inneh\u00e5ller \u00e4ven praktiska tips om hur du delar din tro vidare. Vid varje tillf\u00e4lle uppmuntras du att:\r\n<ul>\r\n \t<li>L\u00e4s bibeltexten tillsammans.<\/li>\r\n \t<li>Anv\u00e4nd QR-koden f\u00f6r att titta och\u00a0lyssna p\u00e5 bibeltexten via Lumo-project.<\/li>\r\n \t<li>L\u00e4gg ifr\u00e5n er Bibeln, datorn och telefonerna\u00a0och ber\u00e4tta f\u00f6r varandra vad\u00a0ni precis l\u00e4st, lyssnat och tittat p\u00e5.<\/li>\r\n \t<li>Anv\u00e4nd fr\u00e5gorna som finns i h\u00e4ftet\u00a0f\u00f6r att forts\u00e4tta samtalet.<\/li>\r\n \t<li>Avsluta med att be f\u00f6r varandra.<\/li>\r\n<\/ul>\r\nL\u00e4s g\u00e4rna det h\u00e4r h\u00e4ftet tillsammans med\u00a0andra i sm\u00e5grupp, ungdomsgrupp eller liknande.\r\n\r\n68 sidor. H\u00e4ftad rygg.","_et_gb_content_width":""},"product_brand":[],"product_cat":[22],"product_tag":[21],"class_list":{"0":"post-87","1":"product","2":"type-product","3":"status-publish","4":"has-post-thumbnail","6":"product_cat-disciple-groups","7":"product_tag-hafte","9":"first","10":"instock","11":"taxable","12":"shipping-taxable","13":"purchasable","14":"product-type-simple"},"_links":{"self":[{"href":"https:\/\/pursuit.se\/index.php?rest_route=\/wp\/v2\/product\/87","targetHints":{"allow":["GET"]}}],"collection":[{"href":"https:\/\/pursuit.se\/index.php?rest_route=\/wp\/v2\/product"}],"about":[{"href":"https:\/\/pursuit.se\/index.php?rest_route=\/wp\/v2\/types\/product"}],"wp:featuredmedia":[{"embeddable":true,"href":"https:\/\/pursuit.se\/index.php?rest_route=\/wp\/v2\/media\/93"}],"wp:attachment":[{"href":"https:\/\/pursuit.se\/index.php?rest_route=%2Fwp%2Fv2%2Fmedia&parent=87"}],"wp:term":[{"taxonomy":"product_brand","embeddable":true,"href":"https:\/\/pursuit.se\/index.php?rest_route=%2Fwp%2Fv2%2Fproduct_brand&post=87"},{"taxonomy":"product_cat","embeddable":true,"href":"https:\/\/pursuit.se\/index.php?rest_route=%2Fwp%2Fv2%2Fproduct_cat&post=87"},{"taxonomy":"product_tag","embeddable":true,"href":"https:\/\/pursuit.se\/index.php?rest_route=%2Fwp%2Fv2%2Fproduct_tag&post=87"}],"curies":[{"name":"wp","href":"https:\/\/api.w.org\/{rel}","templated":true}]}}